{"id":74,"date":"2022-11-18T12:12:58","date_gmt":"2022-11-18T12:12:58","guid":{"rendered":"http:\/\/webapp340704.ip-198-58-117-198.cloudezapp.io\/?page_id=74"},"modified":"2025-04-07T14:33:55","modified_gmt":"2025-04-07T17:33:55","slug":"a-bsc","status":"publish","type":"page","link":"https:\/\/botafogosambaclube.com.br\/?page_id=74","title":{"rendered":"A BSC"},"content":{"rendered":"\t\t<div data-elementor-type=\"wp-page\" data-elementor-id=\"74\" class=\"elementor elementor-74\">\n\t\t\t\t\t\t<section class=\"elementor-section elementor-top-section elementor-element elementor-element-598a46fb elementor-section-full_width elementor-section-height-default elementor-section-height-default\" data-id=\"598a46fb\" data-element_type=\"section\" data-settings=\"{&quot;background_background&quot;:&quot;classic&quot;}\">\n\t\t\t\t\t\t\t<div class=\"elementor-background-overlay\"><\/div>\n\t\t\t\t\t\t\t<div class=\"elementor-container elementor-column-gap-no\">\n\t\t\t\t\t<div class=\"elementor-column elementor-col-100 elementor-top-column elementor-element elementor-element-7fa012f8\" data-id=\"7fa012f8\" data-element_type=\"column\">\n\t\t\t<div class=\"elementor-widget-wrap elementor-element-populated\">\n\t\t\t\t\t\t<section class=\"elementor-section elementor-inner-section elementor-element elementor-element-1379476b elementor-section-boxed elementor-section-height-default elementor-section-height-default\" data-id=\"1379476b\" data-element_type=\"section\">\n\t\t\t\t\t\t<div class=\"elementor-container elementor-column-gap-no\">\n\t\t\t\t\t<div class=\"elementor-column elementor-col-100 elementor-inner-column elementor-element elementor-element-51c50b83\" data-id=\"51c50b83\" data-element_type=\"column\">\n\t\t\t<div class=\"elementor-widget-wrap elementor-element-populated\">\n\t\t\t\t\t\t<div class=\"elementor-element elementor-element-5e73f0bd elementor-invisible elementor-widget elementor-widget-heading\" data-id=\"5e73f0bd\" data-element_type=\"widget\" data-settings=\"{&quot;_animation&quot;:&quot;fadeInUp&quot;}\" data-widget_type=\"heading.default\">\n\t\t\t\t<div class=\"elementor-widget-container\">\n\t\t\t\t\t<h1 class=\"elementor-heading-title elementor-size-default\">A BSC<\/h1>\t\t\t\t<\/div>\n\t\t\t\t<\/div>\n\t\t\t\t<div class=\"elementor-element elementor-element-48ebe125 elementor-absolute elementor-invisible elementor-widget elementor-widget-heading\" data-id=\"48ebe125\" data-element_type=\"widget\" data-settings=\"{&quot;_animation&quot;:&quot;fadeInUp&quot;,&quot;_position&quot;:&quot;absolute&quot;}\" data-widget_type=\"heading.default\">\n\t\t\t\t<div class=\"elementor-widget-container\">\n\t\t\t\t\t<h2 class=\"elementor-heading-title elementor-size-default\">A BSC<\/h2>\t\t\t\t<\/div>\n\t\t\t\t<\/div>\n\t\t\t\t\t<\/div>\n\t\t<\/div>\n\t\t\t\t\t<\/div>\n\t\t<\/section>\n\t\t\t\t\t<\/div>\n\t\t<\/div>\n\t\t\t\t\t<\/div>\n\t\t<\/section>\n\t\t\t\t<section class=\"elementor-section elementor-top-section elementor-element elementor-element-23de38f0 elementor-section-full_width elementor-section-height-default elementor-section-height-default\" data-id=\"23de38f0\" data-element_type=\"section\">\n\t\t\t\t\t\t<div class=\"elementor-container elementor-column-gap-no\">\n\t\t\t\t\t<div class=\"elementor-column elementor-col-100 elementor-top-column elementor-element elementor-element-259f8e21\" data-id=\"259f8e21\" data-element_type=\"column\">\n\t\t\t<div class=\"elementor-widget-wrap elementor-element-populated\">\n\t\t\t\t\t\t<section class=\"elementor-section elementor-inner-section elementor-element elementor-element-1a327fdc elementor-section-boxed elementor-section-height-default elementor-section-height-default\" data-id=\"1a327fdc\" data-element_type=\"section\">\n\t\t\t\t\t\t<div class=\"elementor-container elementor-column-gap-no\">\n\t\t\t\t\t<div class=\"elementor-column elementor-col-50 elementor-inner-column elementor-element elementor-element-15adc775\" data-id=\"15adc775\" data-element_type=\"column\">\n\t\t\t<div class=\"elementor-widget-wrap elementor-element-populated\">\n\t\t\t\t\t\t<div class=\"elementor-element elementor-element-69c26b45 elementor-absolute elementor-hidden-mobile elementor-widget elementor-widget-heading\" data-id=\"69c26b45\" data-element_type=\"widget\" data-settings=\"{&quot;_position&quot;:&quot;absolute&quot;}\" data-widget_type=\"heading.default\">\n\t\t\t\t<div class=\"elementor-widget-container\">\n\t\t\t\t\t<h2 class=\"elementor-heading-title elementor-size-default\">A ESCOLA DE SAMBA DO TORCEDOR ALVINEGRO!<\/h2>\t\t\t\t<\/div>\n\t\t\t\t<\/div>\n\t\t\t\t<div class=\"elementor-element elementor-element-3e48adb6 elementor-absolute elementor-widget elementor-widget-heading\" data-id=\"3e48adb6\" data-element_type=\"widget\" data-settings=\"{&quot;_position&quot;:&quot;absolute&quot;}\" data-widget_type=\"heading.default\">\n\t\t\t\t<div class=\"elementor-widget-container\">\n\t\t\t\t\t<h2 class=\"elementor-heading-title elementor-size-default\">A ESCOLA DE SAMBA DO TORCEDOR ALVINEGRO!<\/h2>\t\t\t\t<\/div>\n\t\t\t\t<\/div>\n\t\t\t\t<div class=\"elementor-element elementor-element-17f8b049 elementor-widget elementor-widget-text-editor\" data-id=\"17f8b049\" data-element_type=\"widget\" data-widget_type=\"text-editor.default\">\n\t\t\t\t<div class=\"elementor-widget-container\">\n\t\t\t\t\t\t\t\t\t<p>Escola de samba fundada por um grupo de torcedores do Botafogo de Futebol e Regatas, apaixonado por futebol, no segundo semestre de 2018, no bairro do Engenho de Dentro, aos redores do Est\u00e1dio Nilton Santos, na cidade do Rio de Janeiro.<\/p>\t\t\t\t\t\t\t\t<\/div>\n\t\t\t\t<\/div>\n\t\t\t\t\t<\/div>\n\t\t<\/div>\n\t\t\t\t<div class=\"elementor-column elementor-col-50 elementor-inner-column elementor-element elementor-element-7c0ff2c1\" data-id=\"7c0ff2c1\" data-element_type=\"column\">\n\t\t\t<div class=\"elementor-widget-wrap elementor-element-populated\">\n\t\t\t\t\t\t<div class=\"elementor-element elementor-element-94cf759 elementor-invisible elementor-widget elementor-widget-image\" data-id=\"94cf759\" data-element_type=\"widget\" data-settings=\"{&quot;_animation&quot;:&quot;fadeInUp&quot;,&quot;_animation_delay&quot;:&quot;100&quot;}\" data-widget_type=\"image.default\">\n\t\t\t\t<div class=\"elementor-widget-container\">\n\t\t\t\t\t\t\t\t\t\t\t\t\t\t\t<img fetchpriority=\"high\" decoding=\"async\" width=\"800\" height=\"534\" src=\"http:\/\/botafogosambaclube.com.br\/wp-content\/uploads\/2025\/04\/RT-BOTAFOGO-ESCOLA-5283-1024x683.jpg\" class=\"attachment-large size-large wp-image-1776\" alt=\"\" srcset=\"http:\/\/botafogosambaclube.com.br\/wp-content\/uploads\/2025\/04\/RT-BOTAFOGO-ESCOLA-5283-1024x683.jpg 1024w, http:\/\/botafogosambaclube.com.br\/wp-content\/uploads\/2025\/04\/RT-BOTAFOGO-ESCOLA-5283-300x200.jpg 300w, http:\/\/botafogosambaclube.com.br\/wp-content\/uploads\/2025\/04\/RT-BOTAFOGO-ESCOLA-5283-768x512.jpg 768w, http:\/\/botafogosambaclube.com.br\/wp-content\/uploads\/2025\/04\/RT-BOTAFOGO-ESCOLA-5283-1536x1024.jpg 1536w, http:\/\/botafogosambaclube.com.br\/wp-content\/uploads\/2025\/04\/RT-BOTAFOGO-ESCOLA-5283-2048x1365.jpg 2048w, http:\/\/botafogosambaclube.com.br\/wp-content\/uploads\/2025\/04\/RT-BOTAFOGO-ESCOLA-5283-600x400.jpg 600w\" sizes=\"(max-width: 800px) 100vw, 800px\" \/>\t\t\t\t\t\t\t\t\t\t\t\t\t\t\t<\/div>\n\t\t\t\t<\/div>\n\t\t\t\t\t<\/div>\n\t\t<\/div>\n\t\t\t\t\t<\/div>\n\t\t<\/section>\n\t\t\t\t<section class=\"elementor-section elementor-inner-section elementor-element elementor-element-f64806d elementor-section-boxed elementor-section-height-default elementor-section-height-default\" data-id=\"f64806d\" data-element_type=\"section\">\n\t\t\t\t\t\t<div class=\"elementor-container elementor-column-gap-no\">\n\t\t\t\t\t<div class=\"elementor-column elementor-col-100 elementor-inner-column elementor-element elementor-element-20377cbf\" data-id=\"20377cbf\" data-element_type=\"column\">\n\t\t\t<div class=\"elementor-widget-wrap elementor-element-populated\">\n\t\t\t\t\t\t<div class=\"elementor-element elementor-element-5cb8280e e-transform elementor-invisible elementor-widget elementor-widget-image\" data-id=\"5cb8280e\" data-element_type=\"widget\" data-settings=\"{&quot;_transform_translateY_effect&quot;:{&quot;unit&quot;:&quot;px&quot;,&quot;size&quot;:&quot;-30&quot;,&quot;sizes&quot;:[]},&quot;_transform_translateY_effect_tablet&quot;:{&quot;unit&quot;:&quot;px&quot;,&quot;size&quot;:&quot;0&quot;,&quot;sizes&quot;:[]},&quot;_transform_translateY_effect_mobile&quot;:{&quot;unit&quot;:&quot;px&quot;,&quot;size&quot;:&quot;0&quot;,&quot;sizes&quot;:[]},&quot;_animation&quot;:&quot;fadeInUp&quot;,&quot;_animation_delay&quot;:&quot;200&quot;,&quot;_transform_translateX_effect&quot;:{&quot;unit&quot;:&quot;px&quot;,&quot;size&quot;:&quot;&quot;,&quot;sizes&quot;:[]},&quot;_transform_translateX_effect_tablet&quot;:{&quot;unit&quot;:&quot;px&quot;,&quot;size&quot;:&quot;&quot;,&quot;sizes&quot;:[]},&quot;_transform_translateX_effect_mobile&quot;:{&quot;unit&quot;:&quot;px&quot;,&quot;size&quot;:&quot;&quot;,&quot;sizes&quot;:[]}}\" data-widget_type=\"image.default\">\n\t\t\t\t<div class=\"elementor-widget-container\">\n\t\t\t\t\t\t\t\t\t\t\t\t\t\t\t<img decoding=\"async\" width=\"683\" height=\"1024\" src=\"http:\/\/botafogosambaclube.com.br\/wp-content\/uploads\/2023\/01\/MG_0799-683x1024.jpg\" class=\"attachment-large size-large wp-image-695\" alt=\"\" srcset=\"http:\/\/botafogosambaclube.com.br\/wp-content\/uploads\/2023\/01\/MG_0799-683x1024.jpg 683w, http:\/\/botafogosambaclube.com.br\/wp-content\/uploads\/2023\/01\/MG_0799-scaled-600x900.jpg 600w, http:\/\/botafogosambaclube.com.br\/wp-content\/uploads\/2023\/01\/MG_0799-200x300.jpg 200w, http:\/\/botafogosambaclube.com.br\/wp-content\/uploads\/2023\/01\/MG_0799-768x1152.jpg 768w, http:\/\/botafogosambaclube.com.br\/wp-content\/uploads\/2023\/01\/MG_0799-1024x1536.jpg 1024w, http:\/\/botafogosambaclube.com.br\/wp-content\/uploads\/2023\/01\/MG_0799-1365x2048.jpg 1365w, http:\/\/botafogosambaclube.com.br\/wp-content\/uploads\/2023\/01\/MG_0799-scaled.jpg 1707w\" sizes=\"(max-width: 683px) 100vw, 683px\" \/>\t\t\t\t\t\t\t\t\t\t\t\t\t\t\t<\/div>\n\t\t\t\t<\/div>\n\t\t\t\t\t<\/div>\n\t\t<\/div>\n\t\t\t\t\t<\/div>\n\t\t<\/section>\n\t\t\t\t\t<\/div>\n\t\t<\/div>\n\t\t\t\t\t<\/div>\n\t\t<\/section>\n\t\t\t\t<section class=\"elementor-section elementor-top-section elementor-element elementor-element-1bb7efa elementor-section-boxed elementor-section-height-default elementor-section-height-default\" data-id=\"1bb7efa\" data-element_type=\"section\" data-settings=\"{&quot;background_background&quot;:&quot;classic&quot;}\">\n\t\t\t\t\t\t\t<div class=\"elementor-background-overlay\"><\/div>\n\t\t\t\t\t\t\t<div class=\"elementor-container elementor-column-gap-default\">\n\t\t\t\t\t<div class=\"elementor-column elementor-col-50 elementor-top-column elementor-element elementor-element-248eef33\" data-id=\"248eef33\" data-element_type=\"column\">\n\t\t\t<div class=\"elementor-widget-wrap elementor-element-populated\">\n\t\t\t\t\t\t<div class=\"elementor-element elementor-element-a1d2c0d elementor-widget elementor-widget-heading\" data-id=\"a1d2c0d\" data-element_type=\"widget\" data-widget_type=\"heading.default\">\n\t\t\t\t<div class=\"elementor-widget-container\">\n\t\t\t\t\t<h2 class=\"elementor-heading-title elementor-size-default\">Nossa hist\u00f3ria<\/h2>\t\t\t\t<\/div>\n\t\t\t\t<\/div>\n\t\t\t\t<div class=\"elementor-element elementor-element-fc2f02d elementor-widget elementor-widget-text-editor\" data-id=\"fc2f02d\" data-element_type=\"widget\" data-widget_type=\"text-editor.default\">\n\t\t\t\t<div class=\"elementor-widget-container\">\n\t\t\t\t\t\t\t\t\t<p>Fundada em 2018, a Botafogo Samba Clube desfilou pela primeira vez em 2019, na quarta divis\u00e3o do Carnaval do Rio. Na ocasi\u00e3o, a agremia\u00e7\u00e3o teve como enredo o \u00eddolo T\u00falio Maravilha, foi vice-campe\u00e3 e subiu de divis\u00e3o. No ano seguinte, a homenageada foi Beth Carvalho, mas a escola ficou apenas na 10\u00aa posi\u00e7\u00e3o.<\/p><p>Em 2022, ainda na S\u00e9rie Prata, a agremia\u00e7\u00e3o trouxe a hist\u00f3ria de Jo\u00e3o Saldanha, em enredo assinado pelo carnavalesco Marcelo Adnet, e ficou na 8\u00aa coloca\u00e7\u00e3o. No ano passado, a Botafogo Samba Clube teve como tema o bairro do Engenho de Dentro, onde est\u00e1 localizado o est\u00e1dio Nilton Santos. A agremia\u00e7\u00e3o bateu na trave e ficou na quarta posi\u00e7\u00e3o.<\/p>\t\t\t\t\t\t\t\t<\/div>\n\t\t\t\t<\/div>\n\t\t\t\t\t<\/div>\n\t\t<\/div>\n\t\t\t\t<div class=\"elementor-column elementor-col-50 elementor-top-column elementor-element elementor-element-eed83d5\" data-id=\"eed83d5\" data-element_type=\"column\">\n\t\t\t<div class=\"elementor-widget-wrap elementor-element-populated\">\n\t\t\t\t\t\t<div class=\"elementor-element elementor-element-407de0a elementor-widget elementor-widget-text-editor\" data-id=\"407de0a\" data-element_type=\"widget\" data-widget_type=\"text-editor.default\">\n\t\t\t\t<div class=\"elementor-widget-container\">\n\t\t\t\t\t\t\t\t\t<p>Neste ano, a escola ligada aos torcedores do Botafogo, enfim, conquistou o acesso \u00e0 S\u00e9rie Ouro. Com o enredo \u201cTaina-Kan: A Estrela Solit\u00e1ria\u201d, a agremia\u00e7\u00e3o contou uma hist\u00f3ria baseada em uma lenda Karaj\u00e1 de amor e rejei\u00e7\u00e3o entre uma ind\u00edgena e uma estrela solit\u00e1ria. Os carnavalescos foram Marcelo Adnet, Ricardo Hessez e Allan Barbosa.<\/p>\t\t\t\t\t\t\t\t<\/div>\n\t\t\t\t<\/div>\n\t\t\t\t\t<\/div>\n\t\t<\/div>\n\t\t\t\t\t<\/div>\n\t\t<\/section>\n\t\t\t\t<\/div>\n\t\t","protected":false},"excerpt":{"rendered":"<p>A BSC A BSC A ESCOLA DE SAMBA DO TORCEDOR ALVINEGRO! A ESCOLA DE SAMBA DO TORCEDOR ALVINEGRO! Escola de samba fundada por um grupo de torcedores do Botafogo de Futebol e Regatas, apaixonado por futebol, no segundo semestre de 2018, no bairro do Engenho de Dentro, aos redores do Est\u00e1dio Nilton Santos, na cidade [&hellip;]<\/p>\n","protected":false},"author":1,"featured_media":0,"parent":0,"menu_order":0,"comment_status":"closed","ping_status":"closed","template":"","meta":{"_seopress_robots_primary_cat":"","_seopress_titles_title":"","_seopress_titles_desc":"","_seopress_robots_index":"","footnotes":""},"class_list":["post-74","page","type-page","status-publish","hentry"],"_links":{"self":[{"href":"https:\/\/botafogosambaclube.com.br\/index.php?rest_route=\/wp\/v2\/pages\/74","targetHints":{"allow":["GET"]}}],"collection":[{"href":"https:\/\/botafogosambaclube.com.br\/index.php?rest_route=\/wp\/v2\/pages"}],"about":[{"href":"https:\/\/botafogosambaclube.com.br\/index.php?rest_route=\/wp\/v2\/types\/page"}],"author":[{"embeddable":true,"href":"https:\/\/botafogosambaclube.com.br\/index.php?rest_route=\/wp\/v2\/users\/1"}],"replies":[{"embeddable":true,"href":"https:\/\/botafogosambaclube.com.br\/index.php?rest_route=%2Fwp%2Fv2%2Fcomments&post=74"}],"version-history":[{"count":43,"href":"https:\/\/botafogosambaclube.com.br\/index.php?rest_route=\/wp\/v2\/pages\/74\/revisions"}],"predecessor-version":[{"id":1801,"href":"https:\/\/botafogosambaclube.com.br\/index.php?rest_route=\/wp\/v2\/pages\/74\/revisions\/1801"}],"wp:attachment":[{"href":"https:\/\/botafogosambaclube.com.br\/index.php?rest_route=%2Fwp%2Fv2%2Fmedia&parent=74"}],"curies":[{"name":"wp","href":"https:\/\/api.w.org\/{rel}","templated":true}]}}